{"id":1668,"date":"2016-11-08T15:12:04","date_gmt":"2016-11-08T14:12:04","guid":{"rendered":"http:\/\/archihihi.com\/?page_id=1668"},"modified":"2020-04-25T17:17:57","modified_gmt":"2020-04-25T16:17:57","slug":"accueil","status":"publish","type":"page","link":"http:\/\/archihihi.com\/fr\/","title":{"rendered":""},"content":{"rendered":"<p><a href=\"http:\/\/archihihi.com\/fr\/jeux-tutos-viens-jouer\/\"><img loading=\"lazy\" class=\"alignleft wp-image-2344 size-medium\" src=\"http:\/\/archihihi.com\/wp-content\/uploads\/2020\/04\/categories-jeuxtutos-1-312x312.jpg\" alt=\"categories-jeuxtutos\" width=\"250\" height=\"312\" \/><\/a><a href=\"http:\/\/archihihi.com\/fr\/category\/news\/\"><img loading=\"lazy\" class=\"alignleft size-medium wp-image-2342\" src=\"http:\/\/archihihi.com\/wp-content\/uploads\/2020\/04\/categories-blog-1-312x312.jpg\" alt=\"categories-blog\" width=\"250\" height=\"312\" \/><\/a><a style=\"float: left;\"><br \/>\n<\/a><a href=\"http:\/\/archihihi.com\/fr\/category\/videos\/\"><img loading=\"lazy\" class=\"alignleft wp-image-2345 size-medium\" src=\"http:\/\/archihihi.com\/wp-content\/uploads\/2020\/04\/categories-jouets-1-312x312.jpg\" width=\"250\" height=\"312\" \/><img loading=\"lazy\" class=\"alignleft wp-image-2349 size-medium\" src=\"http:\/\/archihihi.com\/wp-content\/uploads\/2020\/04\/categories-videos-1-312x312.jpg\" alt=\"categories-videos\" width=\"250\" height=\"312\" \/><\/a><br \/>\n<a href=\"http:\/\/archihihi.com\/fr\/category\/books\/\"><img loading=\"lazy\" class=\"alignleft size-medium wp-image-2346\" src=\"http:\/\/archihihi.com\/wp-content\/uploads\/2020\/04\/categories-livres-1-312x312.jpg\" alt=\"categories-livres\" width=\"250\" height=\"312\" \/><\/a><a href=\"http:\/\/archihihi.com\/francais-que-fait-archihihi\/\"><img loading=\"lazy\" class=\"alignleft wp-image-2330 size-medium\" src=\"http:\/\/archihihi.com\/wp-content\/uploads\/2020\/04\/categories-archihihi-fr-312x312.jpg\" alt=\"categories-archihihi-fr\" width=\"250\" height=\"312\" \/><\/a><a href=\"http:\/\/creativecommons.org\/licenses\/by-nc-sa\/4.0\/\" rel=\"license\"><img style=\"border-width: 0;\" src=\"https:\/\/i.creativecommons.org\/l\/by-nc-sa\/4.0\/80x15.png\" alt=\"Licence Creative Commons\" \/><\/a><small>Ce(tte) \u0153uvre est mise \u00e0 disposition selon les termes de la <a href=\"http:\/\/creativecommons.org\/licenses\/by-nc-sa\/4.0\/\" rel=\"license\">Licence Creative Commons Attribution &#8211; Pas d\u2019Utilisation Commerciale &#8211; Partage dans les M\u00eames Conditions 4.0 International<\/a>. Sauf indication contraire, tous les documents ont \u00e9t\u00e9 pris \u00e0 partir d&rsquo;internet et sont suppos\u00e9s \u00eatre dans le domaine public. Dans le cas o\u00f9 il y aurait une erreur quant \u00e0 un document prot\u00e9g\u00e9, la rupture du droit d&rsquo;auteur n&rsquo;est ni intentionnelle ni commerciale. Le document sera retir\u00e9 imm\u00e9diatement apr\u00e8s que la demande aura \u00e9t\u00e9 effectu\u00e9e.<\/small><\/p>","protected":false},"excerpt":{"rendered":"<p>Ce(tte) \u0153uvre est mise \u00e0 disposition selon les termes de la Licence Creative Commons Attribution &#8211; Pas d\u2019Utilisation Commerciale &#8211; Partage dans les M\u00eames Conditions 4.0 International. Sauf indication contraire, tous les documents ont \u00e9t\u00e9 pris \u00e0 partir d&rsquo;internet et sont suppos\u00e9s \u00eatre dans le domaine public. Dans le cas o\u00f9 il y aurait une &#8230;<\/p>\n","protected":false},"author":1,"featured_media":0,"parent":0,"menu_order":0,"comment_status":"closed","ping_status":"closed","template":"templates\/fullwidth.php","meta":[],"_links":{"self":[{"href":"http:\/\/archihihi.com\/fr\/wp-json\/wp\/v2\/pages\/1668"}],"collection":[{"href":"http:\/\/archihihi.com\/fr\/wp-json\/wp\/v2\/pages"}],"about":[{"href":"http:\/\/archihihi.com\/fr\/wp-json\/wp\/v2\/types\/page"}],"author":[{"embeddable":true,"href":"http:\/\/archihihi.com\/fr\/wp-json\/wp\/v2\/users\/1"}],"replies":[{"embeddable":true,"href":"http:\/\/archihihi.com\/fr\/wp-json\/wp\/v2\/comments?post=1668"}],"version-history":[{"count":56,"href":"http:\/\/archihihi.com\/fr\/wp-json\/wp\/v2\/pages\/1668\/revisions"}],"predecessor-version":[{"id":2417,"href":"http:\/\/archihihi.com\/fr\/wp-json\/wp\/v2\/pages\/1668\/revisions\/2417"}],"wp:attachment":[{"href":"http:\/\/archihihi.com\/fr\/wp-json\/wp\/v2\/media?parent=1668"}],"curies":[{"name":"wp","href":"https:\/\/api.w.org\/{rel}","templated":true}]}}