{"id":1778,"date":"2016-11-08T14:45:45","date_gmt":"2016-11-08T13:45:45","guid":{"rendered":"http:\/\/archihihi.com\/?page_id=1778"},"modified":"2020-04-23T22:32:49","modified_gmt":"2020-04-23T21:32:49","slug":"jeux-tutos-viens-jouer","status":"publish","type":"page","link":"http:\/\/archihihi.com\/fr\/jeux-tutos-viens-jouer\/","title":{"rendered":"Jeux &#038; Tutos : viens jouer!"},"content":{"rendered":"<p><span style=\"color: #000000;\">Tu trouveras ici des activit\u00e9s chouettes avec des fiches \u00e0 t\u00e9l\u00e9charger, des id\u00e9es, et des explications<br \/>\n<\/span><\/p>\n<figure id=\"attachment_1789\" aria-describedby=\"caption-attachment-1789\" style=\"width: 250px\" class=\"wp-caption alignleft\"><a style=\"color: #000000;\" href=\"http:\/\/archihihi.com\/jeu-n1-fais-toi-un-look-darchitecte\/\"><img loading=\"lazy\" class=\"wp-image-1789 size-medium\" src=\"http:\/\/archihihi.com\/wp-content\/uploads\/2016\/11\/diyicone-01lunettes-312x312.jpg\" alt=\"diyicone-01lunettes\" width=\"250\" height=\"312\" \/><\/a><figcaption id=\"caption-attachment-1789\" class=\"wp-caption-text\"><span style=\"color: #000000;\">Jeu n\u00b01 : fais-toi un look d\u2019architecte <br \/><\/span><\/figcaption><\/figure>\n<figure id=\"attachment_1790\" aria-describedby=\"caption-attachment-1790\" style=\"width: 250px\" class=\"wp-caption alignleft\"><a style=\"color: #000000;\" href=\"http:\/\/archihihi.com\/tutorial-n2-draw-your-homes-facades\/\"><img loading=\"lazy\" class=\"wp-image-1790 size-medium\" src=\"http:\/\/archihihi.com\/wp-content\/uploads\/2016\/11\/diyicone-02facades-312x312.jpg\" width=\"250\" height=\"312\" \/><\/a><figcaption id=\"caption-attachment-1790\" class=\"wp-caption-text\"><span style=\"color: #000000;\">Jeu n\u00b02 : dessine les fa\u00e7ades de ta maison<br \/><\/span><\/figcaption><\/figure>\n<figure id=\"attachment_1791\" aria-describedby=\"caption-attachment-1791\" style=\"width: 250px\" class=\"wp-caption alignleft\"><a style=\"color: #000000;\" href=\"http:\/\/archihihi.com\/activite-n2-bonus-01-notre-cabane-version-tekuto\/\"><img loading=\"lazy\" class=\"wp-image-1791 size-medium\" src=\"http:\/\/archihihi.com\/wp-content\/uploads\/2016\/11\/diyicone-02facades3D-312x312.jpg\" alt=\"diyicone-02facades3d\" width=\"250\" height=\"312\" \/><\/a><figcaption id=\"caption-attachment-1791\" class=\"wp-caption-text\"><span style=\"color: #000000;\">Jeu n\u00b02 * Bonus : fabrique les fa\u00e7ades de ta maison dans ta chambre<br \/><\/span><\/figcaption><\/figure>\n<figure id=\"attachment_1792\" aria-describedby=\"caption-attachment-1792\" style=\"width: 250px\" class=\"wp-caption alignleft\"><a style=\"color: #000000;\" href=\"http:\/\/archihihi.com\/joue-avec-nous-au-menu-les-pilotis\/\"><img loading=\"lazy\" class=\"wp-image-1792 size-medium\" src=\"http:\/\/archihihi.com\/wp-content\/uploads\/2016\/11\/diyicone-03pilotis-312x312.gif\" alt=\"diyicone-03pilotis\" width=\"250\" height=\"312\" \/><\/a><figcaption id=\"caption-attachment-1792\" class=\"wp-caption-text\"><span style=\"color: #000000;\">Jeu n\u00b03 : fais d\u00e9coller ta maison<br \/><\/span><\/figcaption><\/figure>\n<figure id=\"attachment_1793\" aria-describedby=\"caption-attachment-1793\" style=\"width: 250px\" class=\"wp-caption alignleft\"><a style=\"color: #000000;\" href=\"http:\/\/archihihi.com\/tutorial-n4-play-with-lyons-architecture\/\"><img loading=\"lazy\" class=\"wp-image-1793 size-medium\" src=\"http:\/\/archihihi.com\/wp-content\/uploads\/2016\/11\/diyicone-04lyon-312x312.jpg\" alt=\"diyicone-04lyon\" width=\"250\" height=\"312\" \/><\/a><figcaption id=\"caption-attachment-1793\" class=\"wp-caption-text\"><span style=\"color: #000000;\">Jeu n\u00b04 : joue avec l&rsquo;architecture de Lyon<br \/><\/span><\/figcaption><\/figure>\n<figure id=\"attachment_1794\" aria-describedby=\"caption-attachment-1794\" style=\"width: 250px\" class=\"wp-caption alignleft\"><a style=\"color: #000000;\" href=\"http:\/\/archihihi.com\/archi-couronne-des-rois\/\"><img loading=\"lazy\" class=\"size-medium wp-image-1794\" src=\"http:\/\/archihihi.com\/wp-content\/uploads\/2016\/11\/diyicone-05couronne-312x312.jpg\" alt=\"Activit\u00e9 n\u00b05 : fabrique ton archi-couronne des rois!\" width=\"250\" height=\"312\" \/><\/a><figcaption id=\"caption-attachment-1794\" class=\"wp-caption-text\"><span style=\"color: #000000;\">Jeu n\u00b05 : fabrique ton archi-couronne des rois<br \/><\/span><\/figcaption><\/figure>\n<figure id=\"attachment_1795\" aria-describedby=\"caption-attachment-1795\" style=\"width: 250px\" class=\"wp-caption alignleft\"><a style=\"color: #000000;\" href=\"http:\/\/archihihi.com\/francais-jeu-n6-fabrique-une-maison-avec-des-triangles\/\"><img loading=\"lazy\" class=\"wp-image-1795 size-medium\" src=\"http:\/\/archihihi.com\/wp-content\/uploads\/2016\/11\/diyicones-06triangles-312x312.jpg\" alt=\"diyicones-06triangles\" width=\"250\" height=\"312\" \/><\/a><figcaption id=\"caption-attachment-1795\" class=\"wp-caption-text\"><span style=\"color: #000000;\">Jeu n\u00b06 : fabrique une maison avec des triangles<br \/><\/span><\/figcaption><\/figure>\n<figure id=\"attachment_1796\" aria-describedby=\"caption-attachment-1796\" style=\"width: 250px\" class=\"wp-caption alignleft\"><a style=\"color: #000000;\" href=\"http:\/\/archihihi.com\/activite-n6-bonus-03-dome-pour-ta-chambre\/\"><img loading=\"lazy\" class=\"wp-image-1796 size-medium\" src=\"http:\/\/archihihi.com\/wp-content\/uploads\/2016\/11\/diyicones-06triangles3D-312x312.jpg\" alt=\"diyicones-06triangles3d\" width=\"250\" height=\"312\" \/><\/a><figcaption id=\"caption-attachment-1796\" class=\"wp-caption-text\"><span style=\"color: #000000;\">Jeu n\u00b06 * Bonus : fabrique une maison avec des triangles dans ta chambre<br \/><\/span><\/figcaption><\/figure>\n<figure id=\"attachment_1797\" aria-describedby=\"caption-attachment-1797\" style=\"width: 250px\" class=\"wp-caption alignleft\"><a style=\"color: #000000;\" href=\"http:\/\/archihihi.com\/game-n-7-fold-your-architecture\/\"><img loading=\"lazy\" class=\"wp-image-2323 size-medium\" src=\"http:\/\/archihihi.com\/wp-content\/uploads\/2016\/11\/diyicones-07plis-312x312.jpg\" alt=\"diyicones-07plis\" width=\"250\" height=\"312\" \/><\/a><figcaption id=\"caption-attachment-1797\" class=\"wp-caption-text\"><span style=\"color: #000000;\">#07 plie ton architecture <br \/><\/span><\/figcaption><\/figure>\n<p><\/p>","protected":false},"excerpt":{"rendered":"<p>Tu trouveras ici des activit\u00e9s chouettes avec des fiches \u00e0 t\u00e9l\u00e9charger, des id\u00e9es, et des explications<\/p>\n","protected":false},"author":1,"featured_media":0,"parent":0,"menu_order":0,"comment_status":"closed","ping_status":"closed","template":"","meta":[],"_links":{"self":[{"href":"http:\/\/archihihi.com\/fr\/wp-json\/wp\/v2\/pages\/1778"}],"collection":[{"href":"http:\/\/archihihi.com\/fr\/wp-json\/wp\/v2\/pages"}],"about":[{"href":"http:\/\/archihihi.com\/fr\/wp-json\/wp\/v2\/types\/page"}],"author":[{"embeddable":true,"href":"http:\/\/archihihi.com\/fr\/wp-json\/wp\/v2\/users\/1"}],"replies":[{"embeddable":true,"href":"http:\/\/archihihi.com\/fr\/wp-json\/wp\/v2\/comments?post=1778"}],"version-history":[{"count":34,"href":"http:\/\/archihihi.com\/fr\/wp-json\/wp\/v2\/pages\/1778\/revisions"}],"predecessor-version":[{"id":1880,"href":"http:\/\/archihihi.com\/fr\/wp-json\/wp\/v2\/pages\/1778\/revisions\/1880"}],"wp:attachment":[{"href":"http:\/\/archihihi.com\/fr\/wp-json\/wp\/v2\/media?parent=1778"}],"curies":[{"name":"wp","href":"https:\/\/api.w.org\/{rel}","templated":true}]}}